{"id":90,"date":"2017-01-31T10:34:52","date_gmt":"2017-01-31T09:34:52","guid":{"rendered":"https:\/\/rundumwohlfuehlen.ch\/web\/?page_id=90"},"modified":"2017-02-15T11:17:03","modified_gmt":"2017-02-15T10:17:03","slug":"impressum","status":"publish","type":"page","link":"https:\/\/rundumwohlfuehlen.ch\/web\/impressum\/","title":{"rendered":"Impressum"},"content":{"rendered":"<p>Diese Seite wird Ihnen pr\u00e4sentiert von <strong><em>&#8222;rundum wohl f\u00fchlen&#8220;<\/em><\/strong>, Claudia Lanker-Nagel, CH-9300 Wittenbach.<\/p>\n<p><a href=\"https:\/\/rundumwohlfuehlen.ch\/web\/kontakt\/\"><strong>Verantwortlich f\u00fcr den Inhalt (Autorin)<\/strong><\/a><br \/>\nClaudia Lanker-Nagel<br \/>\nRomanshornerstrasse 94<br \/>\nCH-9300 Wittenbach<\/p>\n<p>Tel. +41 71 290 16 16<br \/>\nE-Mail: info@rundumwohlfuehlen.ch<\/p>\n<p><a href=\"https:\/\/silent-effect.ch\/\" target=\"_blank\"><strong>Realisierung und Hosting<\/strong><\/a><br \/>\nSilent-Effect AG, CH-9301 Wittenbach<\/p>\n<p><strong>Haftungsausschluss<\/strong><br \/>\nDie Autorin \u00fcbernimmt keinerlei Gew\u00e4hr hinsichtlich der inhaltlichen Richtigkeit, Genauigkeit, Aktualit\u00e4t, Zuverl\u00e4ssigkeit und Vollst\u00e4ndigkeit der Informationen. Haftungsanspr\u00fcche gegen die Autorin wegen Sch\u00e4den materieller oder immaterieller Art, welche aus dem Zugriff oder der Nutzung bzw. Nichtnutzung der ver\u00f6ffentlichten Informationen, durch Missbrauch der Verbindung oder durch technische St\u00f6rungen entstanden sind, werden ausgeschlossen. Alle Angebote sind unverbindlich. Die Autorin beh\u00e4lt es sich ausdr\u00fccklich vor, Teile der Seiten oder das gesamte Angebot ohne gesonderte Ank\u00fcndigung zu ver\u00e4ndern, zu erg\u00e4nzen, zu l\u00f6schen oder die Ver\u00f6ffentlichung zeitweise oder endg\u00fcltig einzustellen.<\/p>\n<p><strong>Haftung f\u00fcr Links<\/strong><br \/>\nVerweise und Links auf Webseiten Dritter liegen ausserhalb des Verantwortungsbereichs der Autorin. Es wird jegliche Verantwortung f\u00fcr solche Webseiten abgelehnt. Der Zugriff und die Nutzung solcher Webseiten erfolgen auf eigene Gefahr des Nutzers oder der Nutzerin.<\/p>\n<p><strong>Urheberrechte<\/strong><br \/>\nDie Urheber- und Nutzungsrechte der Inhalte, Bilder, Fotos oder Dateien auf der Website geh\u00f6ren ausschliesslich Claudia Lanker-Nagel oder den speziell genannten Rechtsinhabern. F\u00fcr die Reproduktion jeglicher Elemente ist die schriftliche Zustimmung der Urheberrechtstr\u00e4ger im Voraus einzuholen.<\/p>\n<p><strong>Datenschutz<\/strong><br \/>\nGest\u00fctzt auf Artikel 13 der schweizerischen Bundesverfassung und die datenschutzrechtlichen Bestimmungen des Bundes (Datenschutzgesetz, DSG) hat jede Person Anspruch auf Schutz ihrer Privatsph\u00e4re sowie auf Schutz vor Missbrauch ihrer pers\u00f6nlichen Daten. Die Autorin h\u00e4lt diese Bestimmungen ein. Pers\u00f6nliche Daten werden streng vertraulich behandelt und weder an Dritte verkauft noch weitergegeben.<\/p>\n<p>&nbsp;<\/p>\n","protected":false},"excerpt":{"rendered":"<p>Diese Seite wird Ihnen pr\u00e4sentiert von &#8222;rundum wohl f\u00fchlen&#8220;, Claudia Lanker-Nagel, CH-9300 Wittenbach. Verantwortlich f\u00fcr den Inhalt (Autorin) Claudia Lanker-Nagel Romanshornerstrasse 94 CH-9300 Wittenbach Tel. +41 71 290 16 16 E-Mail: info@rundumwohlfuehlen.ch Realisierung und Hosting Silent-Effect AG, CH-9301 Wittenbach Haftungsausschluss Die Autorin \u00fcbernimmt keinerlei Gew\u00e4hr hinsichtlich der inhaltlichen Richtigkeit, Genauigkeit, Aktualit\u00e4t, Zuverl\u00e4ssigkeit und Vollst\u00e4ndigkeit der [&hellip;]<\/p>\n","protected":false},"author":1,"featured_media":128,"parent":0,"menu_order":0,"comment_status":"closed","ping_status":"closed","template":"","meta":{"footnotes":""},"class_list":["post-90","page","type-page","status-publish","has-post-thumbnail","hentry"],"_links":{"self":[{"href":"https:\/\/rundumwohlfuehlen.ch\/web\/wp-json\/wp\/v2\/pages\/90","targetHints":{"allow":["GET"]}}],"collection":[{"href":"https:\/\/rundumwohlfuehlen.ch\/web\/wp-json\/wp\/v2\/pages"}],"about":[{"href":"https:\/\/rundumwohlfuehlen.ch\/web\/wp-json\/wp\/v2\/types\/page"}],"author":[{"embeddable":true,"href":"https:\/\/rundumwohlfuehlen.ch\/web\/wp-json\/wp\/v2\/users\/1"}],"replies":[{"embeddable":true,"href":"https:\/\/rundumwohlfuehlen.ch\/web\/wp-json\/wp\/v2\/comments?post=90"}],"version-history":[{"count":8,"href":"https:\/\/rundumwohlfuehlen.ch\/web\/wp-json\/wp\/v2\/pages\/90\/revisions"}],"predecessor-version":[{"id":249,"href":"https:\/\/rundumwohlfuehlen.ch\/web\/wp-json\/wp\/v2\/pages\/90\/revisions\/249"}],"wp:featuredmedia":[{"embeddable":true,"href":"https:\/\/rundumwohlfuehlen.ch\/web\/wp-json\/wp\/v2\/media\/128"}],"wp:attachment":[{"href":"https:\/\/rundumwohlfuehlen.ch\/web\/wp-json\/wp\/v2\/media?parent=90"}],"curies":[{"name":"wp","href":"https:\/\/api.w.org\/{rel}","templated":true}]}}