{"id":8,"date":"2017-01-30T19:05:29","date_gmt":"2017-01-30T18:05:29","guid":{"rendered":"https:\/\/rundumwohlfuehlen.ch\/web\/?page_id=8"},"modified":"2017-02-24T14:53:41","modified_gmt":"2017-02-24T13:53:41","slug":"startseite","status":"publish","type":"page","link":"https:\/\/rundumwohlfuehlen.ch\/web\/","title":{"rendered":"Startseite"},"content":{"rendered":"<p>Die sanften Fussmassagen nach Nick Durrer sind ein Geschenk an alle feinf\u00fchligen Menschen.<\/p>\n<p>Ein Grossteil des Lebens verbringen wir auf den F\u00fcssen und doch werden sie von vielen Menschen kaum beachtet. Viele haben den Bezug zu ihren F\u00fcssen und dem Boden verloren.<\/p>\n<p><strong>Die Fussmassagen nach Nick Durrer umfassen den Menschen als Ganzes.<\/strong><\/p>\n<p>Viele wissen, dass der Mensch mehr ist als nur K\u00f6rper. Sie wissen aber oft nicht, wie sie nun das theoretische Wissen in ihren Alltag oder in ihre praktische Arbeit integrieren sollen. So werden im Leben die Gesetzm\u00e4ssigkeiten laufend umgangen und verletzt.<\/p>\n","protected":false},"excerpt":{"rendered":"<p>Die sanften Fussmassagen nach Nick Durrer sind ein Geschenk an alle feinf\u00fchligen Menschen. Ein Grossteil des Lebens verbringen wir auf den F\u00fcssen und doch werden sie von vielen Menschen kaum beachtet. Viele haben den Bezug zu ihren F\u00fcssen und dem Boden verloren. Die Fussmassagen nach Nick Durrer umfassen den Menschen als Ganzes. Viele wissen, dass [&hellip;]<\/p>\n","protected":false},"author":1,"featured_media":0,"parent":0,"menu_order":0,"comment_status":"closed","ping_status":"closed","template":"t_home.php","meta":{"footnotes":""},"class_list":["post-8","page","type-page","status-publish","hentry"],"_links":{"self":[{"href":"https:\/\/rundumwohlfuehlen.ch\/web\/wp-json\/wp\/v2\/pages\/8","targetHints":{"allow":["GET"]}}],"collection":[{"href":"https:\/\/rundumwohlfuehlen.ch\/web\/wp-json\/wp\/v2\/pages"}],"about":[{"href":"https:\/\/rundumwohlfuehlen.ch\/web\/wp-json\/wp\/v2\/types\/page"}],"author":[{"embeddable":true,"href":"https:\/\/rundumwohlfuehlen.ch\/web\/wp-json\/wp\/v2\/users\/1"}],"replies":[{"embeddable":true,"href":"https:\/\/rundumwohlfuehlen.ch\/web\/wp-json\/wp\/v2\/comments?post=8"}],"version-history":[{"count":19,"href":"https:\/\/rundumwohlfuehlen.ch\/web\/wp-json\/wp\/v2\/pages\/8\/revisions"}],"predecessor-version":[{"id":450,"href":"https:\/\/rundumwohlfuehlen.ch\/web\/wp-json\/wp\/v2\/pages\/8\/revisions\/450"}],"wp:attachment":[{"href":"https:\/\/rundumwohlfuehlen.ch\/web\/wp-json\/wp\/v2\/media?parent=8"}],"curies":[{"name":"wp","href":"https:\/\/api.w.org\/{rel}","templated":true}]}}