{"id":74,"date":"2017-01-30T22:42:07","date_gmt":"2017-01-30T21:42:07","guid":{"rendered":"https:\/\/rundumwohlfuehlen.ch\/web\/?page_id=74"},"modified":"2017-03-01T16:50:28","modified_gmt":"2017-03-01T15:50:28","slug":"die-sanften-fussmassagen-nach-nick-durrer","status":"publish","type":"page","link":"https:\/\/rundumwohlfuehlen.ch\/web\/die-sanften-fussmassagen-nach-nick-durrer\/","title":{"rendered":"Sanfte Fussmassage n.N.D."},"content":{"rendered":"<p>In den Fussmassagen nach Nick Durrer behandeln wir den Fuss als einen sensiblen und wunderbaren Energietr\u00e4ger, der den ganzen Menschen beinhaltet. Dieser hat Zugang zu allen Organen und zu allen feinstofflichen Ebenen und Energie-K\u00f6rpern, die sich uns aber nur \u00f6ffnen, wenn wir sie beachten und uns ihren ewigen und universalen Gesetzm\u00e4ssigkeiten entsprechend verhalten.<\/p>\n<p>&nbsp;<\/p>\n<h3>Ein Problem ist eine Aufgabe und kommt solange, bis wir die Ursache ge- oder erl\u00f6st haben.<\/h3>\n","protected":false},"excerpt":{"rendered":"<p>In den Fussmassagen nach Nick Durrer behandeln wir den Fuss als einen sensiblen und wunderbaren Energietr\u00e4ger, der den ganzen Menschen beinhaltet. Dieser hat Zugang zu allen Organen und zu allen feinstofflichen Ebenen und Energie-K\u00f6rpern, die sich uns aber nur \u00f6ffnen, wenn wir sie beachten und uns ihren ewigen und universalen Gesetzm\u00e4ssigkeiten entsprechend verhalten. &nbsp; Ein [&hellip;]<\/p>\n","protected":false},"author":1,"featured_media":16,"parent":0,"menu_order":0,"comment_status":"closed","ping_status":"closed","template":"","meta":{"footnotes":""},"class_list":["post-74","page","type-page","status-publish","has-post-thumbnail","hentry"],"_links":{"self":[{"href":"https:\/\/rundumwohlfuehlen.ch\/web\/wp-json\/wp\/v2\/pages\/74","targetHints":{"allow":["GET"]}}],"collection":[{"href":"https:\/\/rundumwohlfuehlen.ch\/web\/wp-json\/wp\/v2\/pages"}],"about":[{"href":"https:\/\/rundumwohlfuehlen.ch\/web\/wp-json\/wp\/v2\/types\/page"}],"author":[{"embeddable":true,"href":"https:\/\/rundumwohlfuehlen.ch\/web\/wp-json\/wp\/v2\/users\/1"}],"replies":[{"embeddable":true,"href":"https:\/\/rundumwohlfuehlen.ch\/web\/wp-json\/wp\/v2\/comments?post=74"}],"version-history":[{"count":21,"href":"https:\/\/rundumwohlfuehlen.ch\/web\/wp-json\/wp\/v2\/pages\/74\/revisions"}],"predecessor-version":[{"id":328,"href":"https:\/\/rundumwohlfuehlen.ch\/web\/wp-json\/wp\/v2\/pages\/74\/revisions\/328"}],"wp:featuredmedia":[{"embeddable":true,"href":"https:\/\/rundumwohlfuehlen.ch\/web\/wp-json\/wp\/v2\/media\/16"}],"wp:attachment":[{"href":"https:\/\/rundumwohlfuehlen.ch\/web\/wp-json\/wp\/v2\/media?parent=74"}],"curies":[{"name":"wp","href":"https:\/\/api.w.org\/{rel}","templated":true}]}}