{"id":425,"date":"2025-01-04T18:20:28","date_gmt":"2025-01-04T17:20:28","guid":{"rendered":"https:\/\/rundumwohlfuehlen.ch\/web\/?page_id=425"},"modified":"2025-01-05T14:50:35","modified_gmt":"2025-01-05T13:50:35","slug":"buecher-falten","status":"publish","type":"page","link":"https:\/\/rundumwohlfuehlen.ch\/web\/buecher-falten\/","title":{"rendered":"B\u00fccher falten &#8211; einzigartiges Geschenk f\u00fcr spezielle Anl\u00e4sse"},"content":{"rendered":"<p><img loading=\"lazy\" decoding=\"async\" class=\"alignnone size-medium wp-image-440\" src=\"https:\/\/rundumwohlfuehlen.ch\/web\/wp-content\/uploads\/2025\/01\/fbff2e1c-353d-4a99-b477-6e9407497c12-300x225.jpg\" alt=\"\" width=\"300\" height=\"225\" srcset=\"https:\/\/rundumwohlfuehlen.ch\/web\/wp-content\/uploads\/2025\/01\/fbff2e1c-353d-4a99-b477-6e9407497c12-300x225.jpg 300w, https:\/\/rundumwohlfuehlen.ch\/web\/wp-content\/uploads\/2025\/01\/fbff2e1c-353d-4a99-b477-6e9407497c12-1024x768.jpg 1024w, https:\/\/rundumwohlfuehlen.ch\/web\/wp-content\/uploads\/2025\/01\/fbff2e1c-353d-4a99-b477-6e9407497c12-768x576.jpg 768w, https:\/\/rundumwohlfuehlen.ch\/web\/wp-content\/uploads\/2025\/01\/fbff2e1c-353d-4a99-b477-6e9407497c12-1536x1152.jpg 1536w, https:\/\/rundumwohlfuehlen.ch\/web\/wp-content\/uploads\/2025\/01\/fbff2e1c-353d-4a99-b477-6e9407497c12.jpg 2048w\" sizes=\"auto, (max-width: 300px) 100vw, 300px\" \/><img loading=\"lazy\" decoding=\"async\" class=\" wp-image-439 aligncenter\" src=\"https:\/\/rundumwohlfuehlen.ch\/web\/wp-content\/uploads\/2025\/01\/73d37daa-bae7-487a-9d80-4982448000da-249x300.jpg\" alt=\"\" width=\"327\" height=\"394\" srcset=\"https:\/\/rundumwohlfuehlen.ch\/web\/wp-content\/uploads\/2025\/01\/73d37daa-bae7-487a-9d80-4982448000da-249x300.jpg 249w, https:\/\/rundumwohlfuehlen.ch\/web\/wp-content\/uploads\/2025\/01\/73d37daa-bae7-487a-9d80-4982448000da-851x1024.jpg 851w, https:\/\/rundumwohlfuehlen.ch\/web\/wp-content\/uploads\/2025\/01\/73d37daa-bae7-487a-9d80-4982448000da-768x924.jpg 768w, https:\/\/rundumwohlfuehlen.ch\/web\/wp-content\/uploads\/2025\/01\/73d37daa-bae7-487a-9d80-4982448000da-1277x1536.jpg 1277w, https:\/\/rundumwohlfuehlen.ch\/web\/wp-content\/uploads\/2025\/01\/73d37daa-bae7-487a-9d80-4982448000da.jpg 1329w\" sizes=\"auto, (max-width: 327px) 100vw, 327px\" \/><\/p>\n<p><strong>Haben Sie Interesse an einem einzigartigen Geschenk zu einem speziellen Anlass?<\/strong><\/p>\n<p><strong> Lassen Sie sich von uns beraten. Wir probieren Ihr Motiv, dass Sie sich vorstellen zu falten. Der Preis berechnet sich nach Aufwand ab Fr. 80.- k\u00f6nnen wir einfachere produzieren.<\/strong><\/p>\n<p><strong><img loading=\"lazy\" decoding=\"async\" class=\"alignnone size-medium wp-image-443\" src=\"https:\/\/rundumwohlfuehlen.ch\/web\/wp-content\/uploads\/2025\/01\/a7df7265-ba74-4bbb-a1e2-c31c9535d303-246x300.jpg\" alt=\"\" width=\"246\" height=\"300\" srcset=\"https:\/\/rundumwohlfuehlen.ch\/web\/wp-content\/uploads\/2025\/01\/a7df7265-ba74-4bbb-a1e2-c31c9535d303-246x300.jpg 246w, https:\/\/rundumwohlfuehlen.ch\/web\/wp-content\/uploads\/2025\/01\/a7df7265-ba74-4bbb-a1e2-c31c9535d303-840x1024.jpg 840w, https:\/\/rundumwohlfuehlen.ch\/web\/wp-content\/uploads\/2025\/01\/a7df7265-ba74-4bbb-a1e2-c31c9535d303-768x936.jpg 768w, https:\/\/rundumwohlfuehlen.ch\/web\/wp-content\/uploads\/2025\/01\/a7df7265-ba74-4bbb-a1e2-c31c9535d303-1260x1536.jpg 1260w, https:\/\/rundumwohlfuehlen.ch\/web\/wp-content\/uploads\/2025\/01\/a7df7265-ba74-4bbb-a1e2-c31c9535d303.jpg 1680w\" sizes=\"auto, (max-width: 246px) 100vw, 246px\" \/> <img loading=\"lazy\" decoding=\"async\" class=\" wp-image-441 aligncenter\" src=\"https:\/\/rundumwohlfuehlen.ch\/web\/wp-content\/uploads\/2025\/01\/f36991ae-487a-4391-b9a0-a1c5f93bcf7f-151x300.jpg\" alt=\"\" width=\"167\" height=\"332\" srcset=\"https:\/\/rundumwohlfuehlen.ch\/web\/wp-content\/uploads\/2025\/01\/f36991ae-487a-4391-b9a0-a1c5f93bcf7f-151x300.jpg 151w, https:\/\/rundumwohlfuehlen.ch\/web\/wp-content\/uploads\/2025\/01\/f36991ae-487a-4391-b9a0-a1c5f93bcf7f-515x1024.jpg 515w, https:\/\/rundumwohlfuehlen.ch\/web\/wp-content\/uploads\/2025\/01\/f36991ae-487a-4391-b9a0-a1c5f93bcf7f-768x1527.jpg 768w, https:\/\/rundumwohlfuehlen.ch\/web\/wp-content\/uploads\/2025\/01\/f36991ae-487a-4391-b9a0-a1c5f93bcf7f-772x1536.jpg 772w, https:\/\/rundumwohlfuehlen.ch\/web\/wp-content\/uploads\/2025\/01\/f36991ae-487a-4391-b9a0-a1c5f93bcf7f.jpg 804w\" sizes=\"auto, (max-width: 167px) 100vw, 167px\" \/><\/strong><\/p>\n","protected":false},"excerpt":{"rendered":"<p>Haben Sie Interesse an einem einzigartigen Geschenk zu einem speziellen Anlass? Lassen Sie sich von uns beraten. Wir probieren Ihr Motiv, dass Sie sich vorstellen zu falten. Der Preis berechnet sich nach Aufwand ab Fr. 80.- k\u00f6nnen wir einfachere produzieren.<\/p>\n","protected":false},"author":2,"featured_media":0,"parent":0,"menu_order":0,"comment_status":"closed","ping_status":"closed","template":"","meta":{"footnotes":""},"class_list":["post-425","page","type-page","status-publish","hentry"],"_links":{"self":[{"href":"https:\/\/rundumwohlfuehlen.ch\/web\/wp-json\/wp\/v2\/pages\/425","targetHints":{"allow":["GET"]}}],"collection":[{"href":"https:\/\/rundumwohlfuehlen.ch\/web\/wp-json\/wp\/v2\/pages"}],"about":[{"href":"https:\/\/rundumwohlfuehlen.ch\/web\/wp-json\/wp\/v2\/types\/page"}],"author":[{"embeddable":true,"href":"https:\/\/rundumwohlfuehlen.ch\/web\/wp-json\/wp\/v2\/users\/2"}],"replies":[{"embeddable":true,"href":"https:\/\/rundumwohlfuehlen.ch\/web\/wp-json\/wp\/v2\/comments?post=425"}],"version-history":[{"count":6,"href":"https:\/\/rundumwohlfuehlen.ch\/web\/wp-json\/wp\/v2\/pages\/425\/revisions"}],"predecessor-version":[{"id":451,"href":"https:\/\/rundumwohlfuehlen.ch\/web\/wp-json\/wp\/v2\/pages\/425\/revisions\/451"}],"wp:attachment":[{"href":"https:\/\/rundumwohlfuehlen.ch\/web\/wp-json\/wp\/v2\/media?parent=425"}],"curies":[{"name":"wp","href":"https:\/\/api.w.org\/{rel}","templated":true}]}}