{"id":201,"date":"2017-02-13T15:17:13","date_gmt":"2017-02-13T14:17:13","guid":{"rendered":"https:\/\/rundumwohlfuehlen.ch\/web\/?page_id=201"},"modified":"2017-03-01T16:43:28","modified_gmt":"2017-03-01T15:43:28","slug":"goennen-sie-sich-eine-auszeit","status":"publish","type":"page","link":"https:\/\/rundumwohlfuehlen.ch\/web\/goennen-sie-sich-eine-auszeit\/","title":{"rendered":"Eine Auszeit?"},"content":{"rendered":"<p>&nbsp;<\/p>\n<p><img loading=\"lazy\" decoding=\"async\" class=\" wp-image-204\" src=\"https:\/\/rundumwohlfuehlen.ch\/web\/wp-content\/uploads\/2017\/02\/th-2.jpeg\" alt=\"\" width=\"303\" height=\"203\" \/><\/p>\n<p>G\u00f6nnen Sie sich zwei Stunden und f\u00fchlen Sie sich wie in den Ferien!<\/p>\n<p>Lassen Sie einfach mal die Seele baumeln mit&#8230;.<\/p>\n<p>&#8230;einer Wellness Behandlung f\u00fcr die F\u00fcsse und einer Wohlf\u00fchl &#8211; Massage nach Wahl&#8230;<\/p>\n","protected":false},"excerpt":{"rendered":"<p>&nbsp; G\u00f6nnen Sie sich zwei Stunden und f\u00fchlen Sie sich wie in den Ferien! Lassen Sie einfach mal die Seele baumeln mit&#8230;. &#8230;einer Wellness Behandlung f\u00fcr die F\u00fcsse und einer Wohlf\u00fchl &#8211; Massage nach Wahl&#8230;<\/p>\n","protected":false},"author":2,"featured_media":0,"parent":0,"menu_order":0,"comment_status":"closed","ping_status":"closed","template":"","meta":{"footnotes":""},"class_list":["post-201","page","type-page","status-publish","hentry"],"_links":{"self":[{"href":"https:\/\/rundumwohlfuehlen.ch\/web\/wp-json\/wp\/v2\/pages\/201","targetHints":{"allow":["GET"]}}],"collection":[{"href":"https:\/\/rundumwohlfuehlen.ch\/web\/wp-json\/wp\/v2\/pages"}],"about":[{"href":"https:\/\/rundumwohlfuehlen.ch\/web\/wp-json\/wp\/v2\/types\/page"}],"author":[{"embeddable":true,"href":"https:\/\/rundumwohlfuehlen.ch\/web\/wp-json\/wp\/v2\/users\/2"}],"replies":[{"embeddable":true,"href":"https:\/\/rundumwohlfuehlen.ch\/web\/wp-json\/wp\/v2\/comments?post=201"}],"version-history":[{"count":12,"href":"https:\/\/rundumwohlfuehlen.ch\/web\/wp-json\/wp\/v2\/pages\/201\/revisions"}],"predecessor-version":[{"id":326,"href":"https:\/\/rundumwohlfuehlen.ch\/web\/wp-json\/wp\/v2\/pages\/201\/revisions\/326"}],"wp:attachment":[{"href":"https:\/\/rundumwohlfuehlen.ch\/web\/wp-json\/wp\/v2\/media?parent=201"}],"curies":[{"name":"wp","href":"https:\/\/api.w.org\/{rel}","templated":true}]}}