{"id":193,"date":"2017-02-13T15:01:23","date_gmt":"2017-02-13T14:01:23","guid":{"rendered":"https:\/\/rundumwohlfuehlen.ch\/web\/?page_id=193"},"modified":"2017-03-07T23:09:33","modified_gmt":"2017-03-07T22:09:33","slug":"kosmetische-fusspflege","status":"publish","type":"page","link":"https:\/\/rundumwohlfuehlen.ch\/web\/kosmetische-fusspflege\/","title":{"rendered":"Kosmetische Fusspflege"},"content":{"rendered":"<h2>W\u00e4hlen Sie zwischen<\/h2>\n<h3>Basis: Dauer ca. 50 Minuten<\/h3>\n<p>Fussbad, Nagelfalzreinigung, Nagelhaut entfernen, N\u00e4gel schneiden, N\u00e4gel in Form schleifen, Hornhaut entfernen, F\u00fcsse eincremen<\/p>\n<h3>Comfort: Dauer ca. 70 Minuten<\/h3>\n<p>Fussbad, Nagelfalzreinigung, Nagelhaut entfernen, N\u00e4gel schneiden, N\u00e4gel in Form schleifen, Hornhaut entfernen, Fussmassage,<br \/>\nN\u00e4gel lackieren (auf Wunsch)<\/p>\n<h3>Wellness: Dauer ca. 90 Minuten<\/h3>\n<p>Sprudelbad f\u00fcr die F\u00fcsse, Peeling, Nagelfalzreinigung, Nagelhaut entfernen, N\u00e4gel schneiden, N\u00e4gel in Form schleifen, Hornhaut entfernen, Fussmassage, N\u00e4gel lackieren (auf Wunsch)<\/p>\n<p>N\u00e4gel lackieren ohne Behandlung sFr. 20.-<\/p>\n<h3>Hausbesuch:<\/h3>\n<p>Sie m\u00f6chten gerne eine kosmetische Fusspflege zu Hause?<br \/>\nIch komme gerne zu Ihnen nach Hause. Rufen Sie mich an, damit wir einen Termin vereinbaren k\u00f6nnen.<\/p>\n<p>&nbsp;<\/p>\n<p><img loading=\"lazy\" decoding=\"async\" class=\"alignnone  wp-image-392\" src=\"https:\/\/rundumwohlfuehlen.ch\/web\/wp-content\/uploads\/2017\/02\/IMG_5837.jpg\" alt=\"\" width=\"406\" height=\"515\" srcset=\"https:\/\/rundumwohlfuehlen.ch\/web\/wp-content\/uploads\/2017\/02\/IMG_5837.jpg 667w, https:\/\/rundumwohlfuehlen.ch\/web\/wp-content\/uploads\/2017\/02\/IMG_5837-237x300.jpg 237w\" sizes=\"auto, (max-width: 406px) 100vw, 406px\" \/><\/p>\n","protected":false},"excerpt":{"rendered":"<p>W\u00e4hlen Sie zwischen Basis: Dauer ca. 50 Minuten Fussbad, Nagelfalzreinigung, Nagelhaut entfernen, N\u00e4gel schneiden, N\u00e4gel in Form schleifen, Hornhaut entfernen, F\u00fcsse eincremen Comfort: Dauer ca. 70 Minuten Fussbad, Nagelfalzreinigung, Nagelhaut entfernen, N\u00e4gel schneiden, N\u00e4gel in Form schleifen, Hornhaut entfernen, Fussmassage, N\u00e4gel lackieren (auf Wunsch) Wellness: Dauer ca. 90 Minuten Sprudelbad f\u00fcr die F\u00fcsse, Peeling, Nagelfalzreinigung, [&hellip;]<\/p>\n","protected":false},"author":2,"featured_media":0,"parent":0,"menu_order":0,"comment_status":"closed","ping_status":"closed","template":"","meta":{"footnotes":""},"class_list":["post-193","page","type-page","status-publish","hentry"],"_links":{"self":[{"href":"https:\/\/rundumwohlfuehlen.ch\/web\/wp-json\/wp\/v2\/pages\/193","targetHints":{"allow":["GET"]}}],"collection":[{"href":"https:\/\/rundumwohlfuehlen.ch\/web\/wp-json\/wp\/v2\/pages"}],"about":[{"href":"https:\/\/rundumwohlfuehlen.ch\/web\/wp-json\/wp\/v2\/types\/page"}],"author":[{"embeddable":true,"href":"https:\/\/rundumwohlfuehlen.ch\/web\/wp-json\/wp\/v2\/users\/2"}],"replies":[{"embeddable":true,"href":"https:\/\/rundumwohlfuehlen.ch\/web\/wp-json\/wp\/v2\/comments?post=193"}],"version-history":[{"count":15,"href":"https:\/\/rundumwohlfuehlen.ch\/web\/wp-json\/wp\/v2\/pages\/193\/revisions"}],"predecessor-version":[{"id":393,"href":"https:\/\/rundumwohlfuehlen.ch\/web\/wp-json\/wp\/v2\/pages\/193\/revisions\/393"}],"wp:attachment":[{"href":"https:\/\/rundumwohlfuehlen.ch\/web\/wp-json\/wp\/v2\/media?parent=193"}],"curies":[{"name":"wp","href":"https:\/\/api.w.org\/{rel}","templated":true}]}}