{"id":113,"date":"2017-02-01T10:19:12","date_gmt":"2017-02-01T09:19:12","guid":{"rendered":"https:\/\/rundumwohlfuehlen.ch\/web\/?page_id=113"},"modified":"2017-03-02T18:40:05","modified_gmt":"2017-03-02T17:40:05","slug":"wirkung-der-fussmassagen","status":"publish","type":"page","link":"https:\/\/rundumwohlfuehlen.ch\/web\/die-wohlfuehl-oase\/wirkung-der-fussmassagen\/","title":{"rendered":"Der Unterschied und die Wirkung der 3 verschiedenen Fussmassagen nach Nick Durrer"},"content":{"rendered":"<h3>Entspannungs-Fussmassage nach Nick Durrer<\/h3>\n<p>In dieser feinen und sanften Fussmassage werden die tr\u00e4gen Organe angeregt und aktiviert, die \u00fcberreizten Organe beruhigt. Der Ablauf entspricht dem hom\u00f6opathischen Prinzip von oben nach unten. Die feinen Massagebewegungen sind speziell auf die Organe abgestimmt, um sie in ihren Funktionen zu unterst\u00fctzen. Sie bewirken eine Reinigung und Harmonisierung s\u00e4mtlicher Organe und der ganze K\u00f6rper kann sich ausgezeichnet entspannen.<\/p>\n<h3>Seelen-Energetische Fussmassage nach Nick Durrer<\/h3>\n<p>Durch die reinigende Energiewirkung auf der Seelen-Ebene k\u00f6nnen Angstzust\u00e4nde, Stress, seelische Krankheiten und alte Energie-Blockaden gel\u00f6st werden. Krankmachende Gedankenkomplexe werden abgezogen, bevor sie sich im K\u00f6rper manifestieren. Diese Fussmassage ist eine ausgezeichnete harmonische Therapieform, um auch vorbeugend zu wirken.<\/p>\n<h3>Aufbauende Fussmassage nach Nick Durrer<\/h3>\n<p>Sie ist eine wunderbar abgestimmte Kombination der Entspannungs- und Seelen-Energetischen Fussmassage. Die Wirksamkeit wird intensiviert und gesteigert, in dem die Reihenfolge des Massageablaufes nicht nach den organischen Verbindungen, sondern nach den geistigen Zusammenh\u00e4ngen und Energieverbindungen aufgebaut wird. Auch hier werden energetische Schlacken abgezogen und feinstoffliche Blockaden gel\u00f6st.<\/p>\n<p>&nbsp;<\/p>\n<p><img loading=\"lazy\" decoding=\"async\" class=\"alignnone size-full wp-image-308\" src=\"https:\/\/rundumwohlfuehlen.ch\/web\/wp-content\/uploads\/2017\/02\/IMG_3889.jpg\" alt=\"\" width=\"3264\" height=\"2448\" srcset=\"https:\/\/rundumwohlfuehlen.ch\/web\/wp-content\/uploads\/2017\/02\/IMG_3889.jpg 3264w, https:\/\/rundumwohlfuehlen.ch\/web\/wp-content\/uploads\/2017\/02\/IMG_3889-300x225.jpg 300w, https:\/\/rundumwohlfuehlen.ch\/web\/wp-content\/uploads\/2017\/02\/IMG_3889-768x576.jpg 768w, https:\/\/rundumwohlfuehlen.ch\/web\/wp-content\/uploads\/2017\/02\/IMG_3889-1024x768.jpg 1024w\" sizes=\"auto, (max-width: 3264px) 100vw, 3264px\" \/><\/p>\n<p>&nbsp;<\/p>\n<p>&nbsp;<\/p>\n","protected":false},"excerpt":{"rendered":"<p>Entspannungs-Fussmassage nach Nick Durrer In dieser feinen und sanften Fussmassage werden die tr\u00e4gen Organe angeregt und aktiviert, die \u00fcberreizten Organe beruhigt. Der Ablauf entspricht dem hom\u00f6opathischen Prinzip von oben nach unten. Die feinen Massagebewegungen sind speziell auf die Organe abgestimmt, um sie in ihren Funktionen zu unterst\u00fctzen. Sie bewirken eine Reinigung und Harmonisierung s\u00e4mtlicher Organe [&hellip;]<\/p>\n","protected":false},"author":1,"featured_media":13,"parent":69,"menu_order":0,"comment_status":"closed","ping_status":"closed","template":"","meta":{"footnotes":""},"class_list":["post-113","page","type-page","status-publish","has-post-thumbnail","hentry"],"_links":{"self":[{"href":"https:\/\/rundumwohlfuehlen.ch\/web\/wp-json\/wp\/v2\/pages\/113","targetHints":{"allow":["GET"]}}],"collection":[{"href":"https:\/\/rundumwohlfuehlen.ch\/web\/wp-json\/wp\/v2\/pages"}],"about":[{"href":"https:\/\/rundumwohlfuehlen.ch\/web\/wp-json\/wp\/v2\/types\/page"}],"author":[{"embeddable":true,"href":"https:\/\/rundumwohlfuehlen.ch\/web\/wp-json\/wp\/v2\/users\/1"}],"replies":[{"embeddable":true,"href":"https:\/\/rundumwohlfuehlen.ch\/web\/wp-json\/wp\/v2\/comments?post=113"}],"version-history":[{"count":15,"href":"https:\/\/rundumwohlfuehlen.ch\/web\/wp-json\/wp\/v2\/pages\/113\/revisions"}],"predecessor-version":[{"id":338,"href":"https:\/\/rundumwohlfuehlen.ch\/web\/wp-json\/wp\/v2\/pages\/113\/revisions\/338"}],"up":[{"embeddable":true,"href":"https:\/\/rundumwohlfuehlen.ch\/web\/wp-json\/wp\/v2\/pages\/69"}],"wp:featuredmedia":[{"embeddable":true,"href":"https:\/\/rundumwohlfuehlen.ch\/web\/wp-json\/wp\/v2\/media\/13"}],"wp:attachment":[{"href":"https:\/\/rundumwohlfuehlen.ch\/web\/wp-json\/wp\/v2\/media?parent=113"}],"curies":[{"name":"wp","href":"https:\/\/api.w.org\/{rel}","templated":true}]}}